{"id":2637,"date":"2024-07-04T12:00:08","date_gmt":"2024-07-04T10:00:08","guid":{"rendered":"https:\/\/www.christinavondreien.com\/?page_id=2637"},"modified":"2024-07-09T12:51:11","modified_gmt":"2024-07-09T12:51:11","slug":"agb","status":"publish","type":"page","link":"https:\/\/staging.christinavondreien.com\/en\/agb\/","title":{"rendered":"AGB"},"content":{"rendered":"\n<h2 class=\"wp-block-heading\">Allgemeine Gesch\u00e4ftsbedingungen<\/h2>\n\n\n\n<p>Die Europ\u00e4ische Verkehrsmittel Werbung GmbH (nachfolgend EVW oder EVW Events genannt) ist nicht selbst Veranstalter der angebotenen Veranstaltungen. Diese werden durch den jeweiligen Veranstalter durchgef\u00fchrt. Durch den Erwerb der Eintrittskarte \/ Online Ticket kommen vertragliche Beziehungen im Hinblick auf den Veranstaltungsbesuch ausschlie\u00dflich zwischen dem Karteninhaber und dem Veranstalter zustande. Die EVW vertreibt die Tickets im Auftrag des jeweiligen Veranstalters.<\/p>\n\n\n\n<p><strong>I. Geltungsbereich<\/strong><\/p>\n\n\n\n<p>1. F\u00fcr s\u00e4mtliche Vertr\u00e4ge und erteilten Auftr\u00e4ge betreffend die Lieferung von Tickets, gelten im Verh\u00e4ltnis zur EVW ausschlie\u00dflich diese Allgemeinen Gesch\u00e4ftsbedingungen.<\/p>\n\n\n\n<p><strong>II. Vertragsabschluss, Stornierung<\/strong><\/p>\n\n\n\n<p>1. Das Angebot f\u00fcr einen Vertragsabschluss geht vom Kunden aus, sobald er den sog. \u201eKaufen-Button\u201c bzw. die entsprechend \u00a7 312j Abs. 3 BGB eindeutig beschriftete Schaltfl\u00e4che angeklickt hat. Erst mit erfolgreicher Bezahlung kommt ein Vertrag zwischen dem Kunden und dem jeweiligen Vertragspartner (Veranstalter) zustande.<\/p>\n\n\n\n<p>EVW ist berechtigt, eine Bestellung des Kunden, f\u00fcr die bereits eine Transaktionsnummer \/ Bestellnummer zugeteilt worden ist, zu stornieren (einseitiges R\u00fccktrittsrecht), wenn der Kunde gegen vom Veranstalter aufgestellte spezifische Bedingungen verst\u00f6\u00dft, auf die im Rahmen des Vorverkaufs hingewiesen wurde, oder diese zu umgehen versucht (z.B. Versto\u00df gegen Beschr\u00e4nkung der Ticketmenge pro Kunde, Versto\u00df gegen die Urkundenbedingungen etc.) und \/ oder offene Forderungen aus der bisherigen Gesch\u00e4ftsverbindung mit dem Kunden bestehen. Insbesondere ist ohne vorherige schriftliche Zustimmung des jeweiligen Veranstalters weder die Verwendung von Tickets f\u00fcr gewerbliche Werbe- und \/ oder Marketingzwecke (bspw. als Gewinn f\u00fcr gewerbliche Preisausschreiben gestattet. Die Erkl\u00e4rung der Stornierung \/ des R\u00fccktritts kann auch konkludent durch Gutschrift der gezahlten Betr\u00e4ge erfolgen.<\/p>\n\n\n\n<p>3. Auf das vorbenannte R\u00fccktrittsrecht finden die \u00a7\u00a7 346 ff. BGB unter Ausschluss von \u00a7 350 BGB Anwendung.<\/p>\n\n\n\n<p>4. Im Falle von Verlegungen von Veranstaltungen ist der Veranstalter berechtigt, die G\u00fcltigkeit der urspr\u00fcnglichen Tickets der verlegten Veranstaltung f\u00fcr den neuen, verlegten Termin der Veranstaltung zu erkl\u00e4ren. Eine R\u00fcckgabe der Tickets beim Veranstalter oder eine R\u00fcckabwicklung des Ticketkaufs infolge der Verlegung ist in diesen F\u00e4llen nicht m\u00f6glich, es sei denn, die Wahrnehmung des verlegten Termins ist f\u00fcr den Ticketinhaber nachweislich nicht zumutbar.<\/p>\n\n\n\n<p><strong>III. Preisbestandteile &amp; Zahlungsmodalit\u00e4ten<\/strong><\/p>\n\n\n\n<p>1. Die Preise f\u00fcr Tickets k\u00f6nnen die aufgedruckten Kartenpreise \u00fcbersteigen. Die Zahlung ist je nach Veranstaltung und Bestellmodalit\u00e4ten im SEPA-Lastschriftverfahren, per Kreditkarte (Visa, Mastercard, American Express, Diners oder Discover), giropay, Sofort\u00fcberweisung und\/oder durch Lastschrift per Bankabbuchung sowie durch Rechnungs- oder Ratenkauf m\u00f6glich (Klarna). Die gesetzliche Mehrwertsteuer ist im Preis enthalten. Der Gesamtpreis der Bestellung inklusive aller Geb\u00fchren ist bei den Zahlungsarten Kreditkarte, giropay,<\/p>\n\n\n\n<p>Sofort\u00fcberweisung und SEPA-Lastschriftverfahren nach Vertragsabschluss sofort zur Zahlung f\u00e4llig. Beim Kauf auf Rechnung mit Klarna ist der Rechnungsbetrag 14 Kalendertage nach dem Kaufdatum zur Zahlung an die Klarna Bank AB (publ) f\u00e4llig. Beim Kauf auf Raten tritt die F\u00e4lligkeit entsprechend des im Kaufprozess erl\u00e4uterten und per E-Mail von Klarna \u00fcbermittelten Teilzahlungsplans ein. Die Zahlungsarten Rechnungs- oder Ratenkauf bestehen nicht f\u00fcr alle Angebote und setzen unter anderem eine erfolgreiche Bonit\u00e4tspr\u00fcfung durch die Klarna Bank AB (publ) voraus. Wenn dem Kunden f\u00fcr bestimmte Angebote nach Pr\u00fcfung der Bonit\u00e4t der Kauf auf Rechnung oder Raten erm\u00f6glicht wird, erfolgt die Abwicklung der Zahlung in Zusammenarbeit mit Klarna, an die EVW ihre Zahlungsforderung abtritt. Der Kunde kann in diesem Fall nur Klarna mit schuldbefreiender Wirkung leisten. F\u00fcr die Zahlungsarten Rechnungskauf bzw. Ratenkauf gelten erg\u00e4nzend die die Allgemeinen Gesch\u00e4ftsbedingungen der Klarna Bank AB (publ).<\/p>\n\n\n\n<p>2. Bei der Internet-Bestellung werden Service- und Versandkosten erhoben, die je nach Veranstaltung variieren k\u00f6nnen. Diese Geb\u00fchren werden den Kunden bei der Bestellung im Warenkorb angezeigt, dar\u00fcber hinaus entstehen keine weiteren nicht ausgewiesenen Kosten.<\/p>\n\n\n\n<p>3. Daten\u00fcbermittlung bei Kreditkartentransaktionen mit Nutzung von 3D-Secure Aufgrund gesetzlicher Vorgaben (Umsetzung der Zahlungsdiensterichtlinie \u201ePSD2\u201c) und\/oder zum Schutz vor betr\u00fcgerischer Verwendung von Kreditkartendaten kann das sog. 3D- Secure-Verfahren eingesetzt werden. Dabei werden Browserdaten, Kreditkartendaten, Adressdaten (Rechnungsadresse, E-Mail-Adresse), sowie der Transaktionsbetrag mit W\u00e4hrung \u00fcber die Kreditkartenorganisationen an das kartenausgebende Institut \u00fcbermittelt. Diese Daten werden vom kartenausgebenden Institut dazu verwendet, das Betrugsrisiko der Transaktion zu ermitteln; in Abh\u00e4ngigkeit von Betrag und Pr\u00fcfungsergebnis des Kreditinstituts kann eine zus\u00e4tzliche Freigabe der Kreditkartentransaktion z.B. via TAN oder App erforderlich sein.<\/p>\n\n\n\n<p><strong>IV. Widerrufsrecht und Muster-Widerrufsformular<\/strong><\/p>\n\n\n\n<p>Ein Widerrufsrecht f\u00fcr Verbraucher besteht nicht bzw. das Widerrufsrecht f\u00fcr Verbraucher kann vorzeitig erl\u00f6schen bei folgenden Vertr\u00e4gen:<\/p>\n\n\n\n<p>1. Vertr\u00e4ge zur Erbringung von Dienstleistungen in den Bereichen Beherbergung zu anderen Zwecken als zu Wohnzwecken, Bef\u00f6rderung von Waren, Kraftfahrzeugvermietung, Lieferung von Speisen und Getr\u00e4nken sowie zur Erbringung weiterer Dienstleistungen im Zusammenhang mit Freizeitbet\u00e4tigungen, wenn der Vertrag f\u00fcr die Erbringung einen spezifischen Termin oder Zeitraum vorsieht (\u00a7 312g Abs. 2 Satz 1 Nr. 9 BGB). Das hei\u00dft, soweit EVW Dienstleistungen aus dem Bereich der Freizeitbet\u00e4tigung anbietet, insbesondere Eintrittskarten f\u00fcr Veranstaltungen, besteht kein Widerrufsrecht. Jede Bestellung von Eintrittskarten ist damit unmittelbar nach Best\u00e4tigung gem\u00e4\u00df Ziffer II. 1. durch EVW bindend und verpflichtet zur Abnahme und Bezahlung der bestellten Karten. 2. Eine nicht zugestellte Best\u00e4tigungsnachricht (z.B. Email) aufgrund technischer Schwierigkeiten, Blockade, Spamfilter etc. berechtigt nicht zum Widerruf, sondern lediglich zur manuellen Best\u00e4tigung durch die EVW.<\/p>\n\n\n\n<p><strong>V. Eigentumsvorbehalt; Aufrechnung; Zur\u00fcckbehaltungsrecht beim Rechnungskauf<\/strong><\/p>\n\n\n\n<p>1. Bei einem Verbraucher beh\u00e4lt EVW sich das Eigentum an der Kaufsache bis zur vollst\u00e4ndigen Zahlung des Rechnungsbetrags vor. Bei personalisierten Tickets steht die \u00dcbertragung des sich aus dem Ticket ergebenden Anspruchs unter der Bedingung der vollst\u00e4ndigen Zahlung des Rechnungsbetrags. Die entsprechenden Sicherungsrechte sind auf Dritte \u00fcbertragbar.<\/p>\n\n\n\n<p>2. Ist der Kunde Unternehmer in Aus\u00fcbung seiner gewerblichen oder selbst\u00e4ndigen beruflichen T\u00e4tigkeit, eine juristische Person des \u00f6ffentlichen Rechts oder \u00f6ffentlichrechtliches Sonderverm\u00f6gen, beh\u00e4lt EVW sich das Eigentum an der Kaufsache bis zum Ausgleich aller noch offenen Forderungen aus der Gesch\u00e4ftsverbindung mit dem Kunden vor. Bei personalisierten Tickets steht die \u00dcbertragung des sich aus dem Ticket ergebenden Anspruchs unter der Bedingung des Ausgleichs aller noch offenen Forderungen aus der Gesch\u00e4ftsverbindung mit dem Kunden. Die entsprechenden Sicherungsrechte sind auf Dritte \u00fcbertragbar.<\/p>\n\n\n\n<p>3. Befindet sich der Kunde gegen\u00fcber EVW mit irgendwelchen Zahlungsverpflichtungen im Verzug, so werden s\u00e4mtliche bestehende Forderungen sofort f\u00e4llig.<\/p>\n\n\n\n<p>VI. Haftungsbeschr\u00e4nkungen, Ausschluss des R\u00fccktritts bei bestimmten Pflichtverletzungen<\/p>\n\n\n\n<p>1. Bei Verletzung wesentlicher Vertragspflichten (sog. Kardinalpflichten), die nur auf einfacher Fahrl\u00e4ssigkeit beruht, haftet EVW beschr\u00e4nkt auf den Ersatz des vorhersehbaren, vertragstypischen Schadens.<\/p>\n\n\n\n<p>2. Ansonsten haftet EVW nicht f\u00fcr Sch\u00e4den, die durch einfache Fahrl\u00e4ssigkeit verursacht wurden.<\/p>\n\n\n\n<p>3. Das Recht des Kunden, sich wegen einer nicht vom Veranstalter oder von EVW zu vertretenden, nicht in einem Mangel der Ware bestehenden Pflichtverletzung vom Vertrag zu l\u00f6sen, ist ausgeschlossen.<\/p>\n\n\n\n<p><strong>VII. Schlussklauseln<\/strong><\/p>\n\n\n\n<p>1. Es gilt ausschlie\u00dflich das Recht der Bundesrepublik Deutschland. Unabh\u00e4ngig von der vorstehenden Regelung zur Rechtswahl k\u00f6nnen sich Verbraucher mit gew\u00f6hnlichem Aufenthalt au\u00dferhalb der Bundesrepublik Deutschland stets auch auf das Recht des Staates berufen, in dem sie ihren Wohnsitz haben.<\/p>\n\n\n\n<p>2. Ist der Kunde Kaufmann, so ist ausschlie\u00dflicher (auch internationaler) Gerichtsstand f\u00fcr alle sich aus dem Vertragsverh\u00e4ltnis unmittelbar oder mittelbar ergebenen Streitigkeiten Bremen. Dies gilt im Falle von grenz\u00fcberschreitenden Vertr\u00e4gen auch f\u00fcr Nichtkaufleute. EVW beh\u00e4lt sich das Recht vor, auch jedes andere international zust\u00e4ndige Gericht anzurufen.<\/p>\n\n\n\n<p>3. Die Europ\u00e4ische Kommission stellt ab dem 15.02.2016 eine Plattform zur OnlineStreitbeilegung bereit: https:\/\/ec.europa.eu\/consumers\/odr\/main\/index.cfm?event=main.home.chooseLanguage<\/p>\n\n\n\n<p>4. EVW ist nicht verpflichtet, an Streitbeilegungsverfahren vor einer Verbraucherschlichtungsstelle teilzunehmen.<\/p>\n","protected":false},"excerpt":{"rendered":"<p>Allgemeine Gesch\u00e4ftsbedingungen Die Europ\u00e4ische Verkehrsmittel Werbung GmbH (nachfolgend EVW oder EVW Events genannt) ist nicht selbst Veranstalter der angebotenen Veranstaltungen. Diese werden durch den jeweiligen&hellip;<\/p>\n","protected":false},"author":5,"featured_media":0,"parent":0,"menu_order":0,"comment_status":"closed","ping_status":"closed","template":"","meta":{"pmpro_default_level":"","_kad_blocks_custom_css":"","_kad_blocks_head_custom_js":"","_kad_blocks_body_custom_js":"","_kad_blocks_footer_custom_js":"","footnotes":""},"class_list":["post-2637","page","type-page","status-publish","hentry","pmpro-has-access"],"taxonomy_info":[],"featured_image_src_large":false,"author_info":{"display_name":"Christina","author_link":"https:\/\/staging.christinavondreien.com\/en\/author\/christina\/"},"comment_info":0,"_links":{"self":[{"href":"https:\/\/staging.christinavondreien.com\/en\/wp-json\/wp\/v2\/pages\/2637","targetHints":{"allow":["GET"]}}],"collection":[{"href":"https:\/\/staging.christinavondreien.com\/en\/wp-json\/wp\/v2\/pages"}],"about":[{"href":"https:\/\/staging.christinavondreien.com\/en\/wp-json\/wp\/v2\/types\/page"}],"author":[{"embeddable":true,"href":"https:\/\/staging.christinavondreien.com\/en\/wp-json\/wp\/v2\/users\/5"}],"replies":[{"embeddable":true,"href":"https:\/\/staging.christinavondreien.com\/en\/wp-json\/wp\/v2\/comments?post=2637"}],"version-history":[{"count":0,"href":"https:\/\/staging.christinavondreien.com\/en\/wp-json\/wp\/v2\/pages\/2637\/revisions"}],"wp:attachment":[{"href":"https:\/\/staging.christinavondreien.com\/en\/wp-json\/wp\/v2\/media?parent=2637"}],"curies":[{"name":"wp","href":"https:\/\/api.w.org\/{rel}","templated":true}]}}